{"id":965,"date":"2015-02-08T22:04:12","date_gmt":"2015-02-08T21:04:12","guid":{"rendered":"http:\/\/neuhomeasv.asv-steyr.at\/?page_id=965"},"modified":"2016-01-17T14:20:10","modified_gmt":"2016-01-17T13:20:10","slug":"links","status":"publish","type":"page","link":"https:\/\/neuhomeasv.asv-steyr.at\/?page_id=965","title":{"rendered":"Links"},"content":{"rendered":"<p><a href=\"http:\/\/www.ris.bka.gv.at\/GeltendeFassung.wxe?Abfrage=LrOO&amp;Gesetzesnummer=10000197\" target=\"_blank\">O\u00d6 Fischereigesetzes<\/a><br \/>\n<a href=\"http:\/\/www.lfvooe.at\/\" target=\"_blank\">O\u00d6. Landesfischereiverband<\/a><br \/>\n<a href=\"http:\/\/www.lfvooe.at\/fischarten\/fische-a-z\/\" target=\"_blank\">O\u00d6. Schonzeiten und Brittelma\u00dfe<\/a><br \/>\n<a href=\"http:\/\/www.fischereirevier.at\/\" target=\"_blank\">Fischereirevier Enns-Steyr<\/a><\/p>\n","protected":false},"excerpt":{"rendered":"<p>O\u00d6 Fischereigesetzes O\u00d6. Landesfischereiverband O\u00d6. Schonzeiten und Brittelma\u00dfe Fischereirevier Enns-Steyr<\/p>\n","protected":false},"author":1,"featured_media":0,"parent":0,"menu_order":0,"comment_status":"closed","ping_status":"closed","template":"","meta":{"footnotes":""},"class_list":["post-965","page","type-page","status-publish","hentry"],"_links":{"self":[{"href":"https:\/\/neuhomeasv.asv-steyr.at\/index.php?rest_route=\/wp\/v2\/pages\/965","targetHints":{"allow":["GET"]}}],"collection":[{"href":"https:\/\/neuhomeasv.asv-steyr.at\/index.php?rest_route=\/wp\/v2\/pages"}],"about":[{"href":"https:\/\/neuhomeasv.asv-steyr.at\/index.php?rest_route=\/wp\/v2\/types\/page"}],"author":[{"embeddable":true,"href":"https:\/\/neuhomeasv.asv-steyr.at\/index.php?rest_route=\/wp\/v2\/users\/1"}],"replies":[{"embeddable":true,"href":"https:\/\/neuhomeasv.asv-steyr.at\/index.php?rest_route=%2Fwp%2Fv2%2Fcomments&post=965"}],"version-history":[{"count":5,"href":"https:\/\/neuhomeasv.asv-steyr.at\/index.php?rest_route=\/wp\/v2\/pages\/965\/revisions"}],"predecessor-version":[{"id":1209,"href":"https:\/\/neuhomeasv.asv-steyr.at\/index.php?rest_route=\/wp\/v2\/pages\/965\/revisions\/1209"}],"wp:attachment":[{"href":"https:\/\/neuhomeasv.asv-steyr.at\/index.php?rest_route=%2Fwp%2Fv2%2Fmedia&parent=965"}],"curies":[{"name":"wp","href":"https:\/\/api.w.org\/{rel}","templated":true}]}}