{"id":67,"date":"2014-10-20T22:52:42","date_gmt":"2014-10-20T20:52:42","guid":{"rendered":"http:\/\/localhost\/wordpress\/?page_id=67"},"modified":"2025-12-23T07:14:27","modified_gmt":"2025-12-23T06:14:27","slug":"stadtgutteich","status":"publish","type":"page","link":"https:\/\/neuhomeasv.asv-steyr.at\/?page_id=67","title":{"rendered":"Stadtgutteich"},"content":{"rendered":"\n<p>2026 kein Besatz daher erm\u00e4\u00dfigte Karten!!!<\/p>\n\n\n<div style=\"hyphens: auto; width: 11.50cm; height: 61.0cm;\">\n<table style=\"width: 130%;\" border=\"1\" cellpadding=\"6\">\n<tbody>\n<tr>\n<td style=\"width: 25%;\" bgcolor=\"#d8dee9\" width=\"20%\">Hinweis<\/td>\n<td><a href=\"https:\/\/neuhomeasv.asv-steyr.at\/?p=6571\" target=\"_blank\" rel=\"noopener noreferrer\">Lizenzbestimmungen<\/a><\/td>\n<\/tr>\n<tr>\n<td class=\"\" style=\"width: 20%;\" bgcolor=\"#d8dee9\" width=\"20%\">Fangzeit<\/td>\n<td>ganzj\u00e4hrig; Ausnahme: der gesamte Monat Mai<\/td>\n<\/tr>\n<tr>\n<td style=\"width: 20%;\" bgcolor=\"#d8dee9\" width=\"20%\">Fangerlaubnis<\/td>\n<td><strong>Vollmitglied\/Nichtmitglied:<\/strong><br \/>\n8 Fische pro Fischtag, davon h\u00f6chstens 2 Karpfen . Nach der Entnahme von 2 Karpfen\u00a0 ist das Fischen unverz\u00fcglich einzustellen!<br \/>\n5 K\u00f6derfische pro Fischtag,<br \/>\n<span style=\"color: #0000ff;\">j\u00e4hrlich maximal 15 Karpfen .<\/span><br \/>\n<strong>Jugendmitglied\/Mitglied erm\u00e4\u00dfigt:<\/strong><br \/>\n8 Fische pro Fischtag, davon h\u00f6chstens 2 Karpfen . Nach der Entnahme von 2 Karpfen ist das Fischen unverz\u00fcglich einzustellen!<br \/>\n5 K\u00f6derfische pro Fischtag,<br \/>\n<span style=\"color: #0000ff;\">j\u00e4hrlich maximal 7 Karpfen .<\/span><\/td>\n<\/tr>\n<tr>\n<td style=\"width: 20%;\" bgcolor=\"#d8dee9\" width=\"20%\">Gastrecht<\/td>\n<td><strong>Vollmitglied:<\/strong><br \/>\nVollmitgliedern ist es gestattet pro aufrechter Lizenz max 2 Tage im Jahr einen Gast mitfischen zu lassen.<br \/>\n<strong>Nichtmitglied:<\/strong><br \/>\nKein Gastrecht!<br \/>\n<strong>Jugendmitglied\/Mitglied erm\u00e4\u00dfigt:<\/strong><br \/>\nKein Gastrecht!<br \/>\n<strong>Kinder:<\/strong><br \/>\nDas mitfischende Kind (O\u00d6. 6-12 Jahre\/N\u00d6. 6-14 Jahre) darf nur unter Einhaltung der jeweils g\u00fcltigen gesetzlichen Landesbestimmung mitfischen.<br \/>\nsiehe Lizenzbestimmungen Seite 5<\/td>\n<\/tr>\n<tr>\n<td bgcolor=\"#d8dee9\">Angelger\u00e4te<\/td>\n<td><strong>1 Angelrute<\/strong> mit h\u00f6chstens 2 Angelhaken oder<br \/>\n<strong>2\u00a0Angelruten<\/strong> mit je einem Einzelhaken.<br \/>\nFischen mit Futterspirale oder Eisbombe ist erlaubt.<\/td>\n<\/tr>\n<tr>\n<td bgcolor=\"#d8dee9\">Abhakmatte<\/td>\n<td><strong style=\"color: blue;\">Beim Karpfenfischen ist generell eine Abhakmatte zu verwenden!<\/strong><\/td>\n<\/tr>\n<tr>\n<td bgcolor=\"#d8dee9\">Erlaubt<\/td>\n<td>\u00a0<img loading=\"lazy\" decoding=\"async\" class=\"alignnone size-full wp-image-3794\" src=\"http:\/\/neuhomeasv.asv-steyr.at\/wp-content\/uploads\/ASVgrundBild.jpg\" alt=\"\" width=\"50\" height=\"110\" \/><img loading=\"lazy\" decoding=\"async\" class=\"alignnone size-full wp-image-3799\" src=\"http:\/\/neuhomeasv.asv-steyr.at\/wp-content\/uploads\/ASVposeBild.jpg\" alt=\"\" width=\"50\" height=\"108\" \/><img loading=\"lazy\" decoding=\"async\" class=\"alignnone size-full wp-image-3798\" src=\"http:\/\/neuhomeasv.asv-steyr.at\/wp-content\/uploads\/ASVnachfischenBild.jpg\" alt=\"\" width=\"50\" height=\"104\" \/><img loading=\"lazy\" decoding=\"async\" class=\"alignnone size-full wp-image-3795\" src=\"http:\/\/neuhomeasv.asv-steyr.at\/wp-content\/uploads\/ASVh\u00f6lzlBild.jpg\" alt=\"\" width=\"50\" height=\"106\" \/><img loading=\"lazy\" decoding=\"async\" class=\"alignnone size-full wp-image-3802\" src=\"http:\/\/neuhomeasv.asv-steyr.at\/wp-content\/uploads\/ASVspiraleEisbombeBild.jpg\" alt=\"\" width=\"50\" height=\"112\" \/><br \/>\nFischen mit Futterspirale oder Eisbombe ist erlaubt.<\/td>\n<\/tr>\n<tr>\n<td bgcolor=\"#d8dee9\">Verboten<\/td>\n<td><img loading=\"lazy\" decoding=\"async\" class=\"alignnone size-full wp-image-3792\" src=\"http:\/\/neuhomeasv.asv-steyr.at\/wp-content\/uploads\/ASVanf\u00fctternBild.jpg\" alt=\"\" width=\"50\" height=\"106\" \/><img loading=\"lazy\" decoding=\"async\" class=\"alignnone size-full wp-image-3800\" src=\"http:\/\/neuhomeasv.asv-steyr.at\/wp-content\/uploads\/ASVspinBild-1.jpg\" alt=\"\" width=\"50\" height=\"110\" \/><img loading=\"lazy\" decoding=\"async\" class=\"alignnone size-full wp-image-3793\" src=\"http:\/\/neuhomeasv.asv-steyr.at\/wp-content\/uploads\/ASVfliegeBild.jpg\" alt=\"\" width=\"50\" height=\"110\" \/><br \/>\nDas Fischen vom Boot aus ist verboten. Die Verwendung von Futter- oder K\u00f6derbooten ist verboten. Das Ausnehmen der Fische am Teichgel\u00e4nde ist verboten!<span style=\"color: #ff0000;\">Fischen auf Raubfische verboten!<\/span><\/td>\n<\/tr>\n<tr>\n<td bgcolor=\"#d8dee9\">befischbar mit<\/td>\n<td>Jahreslizenz Stadtgutteich :<br \/>\nTageskarte Stadtgutteich:<\/td>\n<\/tr>\n<tr>\n<td bgcolor=\"#d8dee9\">Teich Ia, Teich Ib, Teich II<\/td>\n<td>SIND befischbar!<\/td>\n<\/tr>\n<tr>\n<td bgcolor=\"#d8dee9\">Teich III<\/td>\n<td>NICHT befischbar! (wird derzeit nicht bewirtschaftet!)<\/td>\n<\/tr>\n<tr>\n<td class=\"\" colspan=\"2\"><img decoding=\"async\" src=\"http:\/\/www.asv-steyr.at\/uploads\/img421f11af6c40c.jpg\" alt=\"\" width=\"200\" \/><\/td>\n<\/tr>\n<tr>\n<td class=\"\" colspan=\"2\"><strong>Es gelten die folgenden Verbote:<\/strong><\/p>\n<ul>\n<li>Entfachen von Feuer<\/li>\n<li>das Ausnehmen der Fische am Teichgel\u00e4nde<\/li>\n<li>Fischen auf Raubfische<\/li>\n<li>die Mitnahme lebender Fische (Jeder behaltene Fisch mu\u00df vor der Mitnahme get\u00f6tet werden)<\/li>\n<li>Verkauf oder Tausch gefangener Fische<\/li>\n<\/ul>\n<\/td>\n<\/tr>\n<tr>\n<td class=\"\" colspan=\"2\"><strong>Schonzeiten und Mindestma\u00dfe:<\/strong><\/p>\n<table style=\"width: 400px;\" border=\"1\" width=\"370\" cellpadding=\"4\">\n<tbody>\n<tr>\n<td class=\"\" bgcolor=\"#d8dee9\"><strong>Fischart<\/strong><\/td>\n<td style=\"text-align: center; vertical-align: middle; background-color: #d8dee9;\"><strong>Schonzeit<\/strong><\/td>\n<td class=\"\" bgcolor=\"#d8dee9\"><strong>Mindestma\u00df<\/strong><\/td>\n<td class=\"\" bgcolor=\"#d8dee9\"><strong>H\u00f6chstma\u00df<\/strong><\/td>\n<\/tr>\n<tr>\n<td class=\"\" bgcolor=\"#dedede\">Karpfen<\/td>\n<td style=\"text-align: center; vertical-align: middle;\">1. Mai bis 31. Mai<\/td>\n<td style=\"text-align: center; vertical-align: middle;\">40 cm<\/td>\n<td style=\"text-align: center; vertical-align: middle;\">65 cm<\/td>\n<\/tr>\n<\/tbody>\n<tbody>\n<tr>\n<td style=\"color: blue;\" colspan=\"4\"><strong>Karpfen \u00fcber einer L\u00e4nge von 65cm sind zur\u00fcckzusetzen!<\/strong><\/td>\n<\/tr>\n<\/tbody>\n<\/table>\n<\/td>\n<\/tr>\n<tr>\n<td class=\"\" colspan=\"2\">f\u00fcr alle anderen Fische gelten die Bestimmungen des <a href=\"https:\/\/www.ris.bka.gv.at\/GeltendeFassung.wxe?Abfrage=LROO&amp;Gesetzesnummer=20001078\" target=\"_blank\" rel=\"noopener noreferrer\">O\u00d6 Fischereigesetzes<br \/>\n<\/a>Die Anweisungen im Schaukasten bei der Teichh\u00fctte m\u00fcssen befolgt werden.<\/td>\n<\/tr>\n<tr>\n<td colspan=\"2\"><img decoding=\"async\" src=\" http:\/\/neuhomeasv.asv-steyr.at\/wp-content\/uploads\/Teiche.jpg\" alt=\"\" width=\"400px\" \/>Datenquelle: Alle Details zu dieser Karte finden Sie auf <a href=\"http:\/\/basemap.at\/\">basemap.at<\/a><\/td>\n<\/tr>\n<\/tbody>\n<\/table>\n<\/div>","protected":false},"excerpt":{"rendered":"<p>2026 kein Besatz daher erm\u00e4\u00dfigte Karten!!! Hinweis Lizenzbestimmungen Fangzeit ganzj\u00e4hrig; Ausnahme: der gesamte Monat Mai Fangerlaubnis Vollmitglied\/Nichtmitglied: 8 Fische pro Fischtag, davon h\u00f6chstens 2 Karpfen . Nach der Entnahme von &hellip; <a href=\"https:\/\/neuhomeasv.asv-steyr.at\/?page_id=67\" class=\"more-link\"><span class=\"screen-reader-text\">Stadtgutteich<\/span> weiterlesen <span class=\"meta-nav\">&rarr;<\/span><\/a><\/p>\n","protected":false},"author":1,"featured_media":0,"parent":64,"menu_order":0,"comment_status":"closed","ping_status":"closed","template":"","meta":{"footnotes":""},"class_list":["post-67","page","type-page","status-publish","hentry"],"_links":{"self":[{"href":"https:\/\/neuhomeasv.asv-steyr.at\/index.php?rest_route=\/wp\/v2\/pages\/67","targetHints":{"allow":["GET"]}}],"collection":[{"href":"https:\/\/neuhomeasv.asv-steyr.at\/index.php?rest_route=\/wp\/v2\/pages"}],"about":[{"href":"https:\/\/neuhomeasv.asv-steyr.at\/index.php?rest_route=\/wp\/v2\/types\/page"}],"author":[{"embeddable":true,"href":"https:\/\/neuhomeasv.asv-steyr.at\/index.php?rest_route=\/wp\/v2\/users\/1"}],"replies":[{"embeddable":true,"href":"https:\/\/neuhomeasv.asv-steyr.at\/index.php?rest_route=%2Fwp%2Fv2%2Fcomments&post=67"}],"version-history":[{"count":48,"href":"https:\/\/neuhomeasv.asv-steyr.at\/index.php?rest_route=\/wp\/v2\/pages\/67\/revisions"}],"predecessor-version":[{"id":6618,"href":"https:\/\/neuhomeasv.asv-steyr.at\/index.php?rest_route=\/wp\/v2\/pages\/67\/revisions\/6618"}],"up":[{"embeddable":true,"href":"https:\/\/neuhomeasv.asv-steyr.at\/index.php?rest_route=\/wp\/v2\/pages\/64"}],"wp:attachment":[{"href":"https:\/\/neuhomeasv.asv-steyr.at\/index.php?rest_route=%2Fwp%2Fv2%2Fmedia&parent=67"}],"curies":[{"name":"wp","href":"https:\/\/api.w.org\/{rel}","templated":true}]}}