{"id":647,"date":"2014-12-14T02:15:34","date_gmt":"2014-12-14T00:15:34","guid":{"rendered":"http:\/\/neuhomeasv.asv-steyr.at\/?page_id=647"},"modified":"2022-02-17T17:35:47","modified_gmt":"2022-02-17T16:35:47","slug":"fischfotos","status":"publish","type":"page","link":"https:\/\/neuhomeasv.asv-steyr.at\/?page_id=647","title":{"rendered":"Fischfotos"},"content":{"rendered":"<p><a href=\"https:\/\/neuhomeasv.asv-steyr.at\/?page_id=6257\" target=\"_blank\" rel=\"noopener noreferrer\">Fischf\u00e4nge 2022<\/a><br \/>\n<a href=\"https:\/\/neuhomeasv.asv-steyr.at\/?page_id=6079\" target=\"_blank\" rel=\"noopener noreferrer\">Fischf\u00e4nge 2021<\/a><br \/>\n<a href=\"http:\/\/neuhomeasv.asv-steyr.at\/?page_id=5115\" target=\"_blank\" rel=\"noopener noreferrer\">Fischf\u00e4nge 2020<\/a><br \/>\n<a href=\"http:\/\/neuhomeasv.asv-steyr.at\/?page_id=4810\" target=\"_blank\" rel=\"noopener noreferrer\">Fischf\u00e4nge 2019<\/a><br \/>\n<a href=\"http:\/\/neuhomeasv.asv-steyr.at\/?page_id=3627\" target=\"_blank\" rel=\"noopener noreferrer\">Fischf\u00e4nge 2018<\/a><br \/>\n<a title=\"Fischf\u00e4nge 2017\" href=\"http:\/\/neuhomeasv.asv-steyr.at\/?page_id=2986\" target=\"_blank\" rel=\"noopener noreferrer\">Fischf\u00e4nge 2017<\/a><br \/>\n<a title=\"Fischf\u00e4nge 2016\" href=\"http:\/\/neuhomeasv.asv-steyr.at\/?page_id=1867\">Fischf\u00e4nge 2016<\/a><br \/>\n<a title=\"Fischf\u00e4nge 2015\" href=\"http:\/\/neuhomeasv.asv-steyr.at\/?page_id=1310\">Fischf\u00e4nge 2015<\/a><br \/>\n<a title=\"Fischf\u00e4nge 2014\" href=\"http:\/\/neuhomeasv.asv-steyr.at\/?page_id=670\">Fischf\u00e4nge 2014<\/a><br \/>\n<a title=\"Fischf\u00e4nge 2013\" href=\"http:\/\/neuhomeasv.asv-steyr.at\/?page_id=676\">Fischf\u00e4nge 2013<\/a><br \/>\n<a title=\"Fischf\u00e4nge 2012\" href=\"http:\/\/neuhomeasv.asv-steyr.at\/?page_id=699\">Fischf\u00e4nge 2012<\/a><br \/>\n<a title=\"Fischf\u00e4nge 2010\" href=\"http:\/\/neuhomeasv.asv-steyr.at\/?page_id=800\">Fischf\u00e4nge 2010<\/a><br \/>\n<a title=\"Fischf\u00e4nge 2009\" href=\"http:\/\/neuhomeasv.asv-steyr.at\/?page_id=804\">Fischf\u00e4nge 2009<\/a><\/p>\n","protected":false},"excerpt":{"rendered":"<p>Fischf\u00e4nge 2022 Fischf\u00e4nge 2021 Fischf\u00e4nge 2020 Fischf\u00e4nge 2019 Fischf\u00e4nge 2018 Fischf\u00e4nge 2017 Fischf\u00e4nge 2016 Fischf\u00e4nge 2015 Fischf\u00e4nge 2014 Fischf\u00e4nge 2013 Fischf\u00e4nge 2012 Fischf\u00e4nge 2010 Fischf\u00e4nge 2009<\/p>\n","protected":false},"author":1,"featured_media":0,"parent":333,"menu_order":0,"comment_status":"closed","ping_status":"closed","template":"","meta":{"footnotes":""},"class_list":["post-647","page","type-page","status-publish","hentry"],"_links":{"self":[{"href":"https:\/\/neuhomeasv.asv-steyr.at\/index.php?rest_route=\/wp\/v2\/pages\/647","targetHints":{"allow":["GET"]}}],"collection":[{"href":"https:\/\/neuhomeasv.asv-steyr.at\/index.php?rest_route=\/wp\/v2\/pages"}],"about":[{"href":"https:\/\/neuhomeasv.asv-steyr.at\/index.php?rest_route=\/wp\/v2\/types\/page"}],"author":[{"embeddable":true,"href":"https:\/\/neuhomeasv.asv-steyr.at\/index.php?rest_route=\/wp\/v2\/users\/1"}],"replies":[{"embeddable":true,"href":"https:\/\/neuhomeasv.asv-steyr.at\/index.php?rest_route=%2Fwp%2Fv2%2Fcomments&post=647"}],"version-history":[{"count":21,"href":"https:\/\/neuhomeasv.asv-steyr.at\/index.php?rest_route=\/wp\/v2\/pages\/647\/revisions"}],"predecessor-version":[{"id":6272,"href":"https:\/\/neuhomeasv.asv-steyr.at\/index.php?rest_route=\/wp\/v2\/pages\/647\/revisions\/6272"}],"up":[{"embeddable":true,"href":"https:\/\/neuhomeasv.asv-steyr.at\/index.php?rest_route=\/wp\/v2\/pages\/333"}],"wp:attachment":[{"href":"https:\/\/neuhomeasv.asv-steyr.at\/index.php?rest_route=%2Fwp%2Fv2%2Fmedia&parent=647"}],"curies":[{"name":"wp","href":"https:\/\/api.w.org\/{rel}","templated":true}]}}