{"id":60,"date":"2014-10-20T22:44:29","date_gmt":"2014-10-20T20:44:29","guid":{"rendered":"http:\/\/localhost\/wordpress\/?page_id=60"},"modified":"2023-09-05T13:27:11","modified_gmt":"2023-09-05T11:27:11","slug":"jugend","status":"publish","type":"page","link":"https:\/\/neuhomeasv.asv-steyr.at\/?page_id=60","title":{"rendered":"Jugendmitgliedschaft 12-18"},"content":{"rendered":"<table border=\"0\" width=\"580%\" cellspacing=\"0\" cellpadding=\"4\">\n<tbody>\n<tr>\n<td>Wenn Du zwischen 12 und 18 Jahre alt bist, kannst Du bei uns, als Einstieg in die Fischerei, eine Jugendmitgliedschaft im Angelsportverein beantragen.<\/td>\n<\/tr>\n<tr>\n<td><strong>Deine Vorteile:<\/strong><\/td>\n<\/tr>\n<tr>\n<td>Du hast grunds\u00e4tzlich dieselben Rechte und Pflichten wie ein ordentliches Vereinsmitglied, jedoch mit folgenden Einschr\u00e4nkungen (Siehe aktuelle Lizenzbestimmungen).<\/td>\n<\/tr>\n<tr>\n<td><\/td>\n<\/tr>\n<tr>\n<td>Die Jugendmitgliedschaft kostet dich <strong>pro Jahr \u20ac 90,-<\/strong><\/td>\n<\/tr>\n<tr>\n<td>Wir erwarten dabei allerdings auch von Dir, da\u00df Du Dich, gem\u00e4\u00df unseren Vereinsstatuten, auch schon zur Mitarbeit im Verein bereiterkl\u00e4rst.<br \/>\nAber das sollte f\u00fcr einen angehenden Petrij\u00fcnger wohl kein Problem darstellen &#8230;Wenn Dir aber schon alles klar ist, dann l\u00e4dst Du Dir am besten gleich das <a href=\"http:\/\/neuhomeasv.asv-steyr.at\/wp-content\/uploads\/Mitgliedschaft_JGD_MGL_ASV_Steyr_1923_2019_v1.pdf\" target=\"_blank\" rel=\"noopener noreferrer\">Ansuchen Jugendmitgliedschaft<\/a> ODER <a href=\"http:\/\/neuhomeasv.asv-steyr.at\/wp-content\/uploads\/Mitgliedschaft_JGD_CLUB_MGL_ASV_Steyr_1923_2020_v1.pdf\" target=\"_blank\" rel=\"noopener noreferrer\">Anmeldeformular Jugendclub<\/a> herunter,<br \/>\nf\u00fcllst es aus, und sendest es an den Angelsportverein Steyr \ud83d\ude42<\/td>\n<\/tr>\n<tr>\n<td><strong>Weitere Infos findest du unter:<\/strong><\/td>\n<\/tr>\n<tr>\n<td><\/td>\n<\/tr>\n<tr>\n<td><\/td>\n<\/tr>\n<\/tbody>\n<\/table>\n","protected":false},"excerpt":{"rendered":"<p>Wenn Du zwischen 12 und 18 Jahre alt bist, kannst Du bei uns, als Einstieg in die Fischerei, eine Jugendmitgliedschaft im Angelsportverein beantragen. Deine Vorteile: Du hast grunds\u00e4tzlich dieselben Rechte &hellip; <a href=\"https:\/\/neuhomeasv.asv-steyr.at\/?page_id=60\" class=\"more-link\"><span class=\"screen-reader-text\">Jugendmitgliedschaft 12-18<\/span> weiterlesen <span class=\"meta-nav\">&rarr;<\/span><\/a><\/p>\n","protected":false},"author":1,"featured_media":0,"parent":305,"menu_order":0,"comment_status":"closed","ping_status":"closed","template":"","meta":{"footnotes":""},"class_list":["post-60","page","type-page","status-publish","hentry"],"_links":{"self":[{"href":"https:\/\/neuhomeasv.asv-steyr.at\/index.php?rest_route=\/wp\/v2\/pages\/60","targetHints":{"allow":["GET"]}}],"collection":[{"href":"https:\/\/neuhomeasv.asv-steyr.at\/index.php?rest_route=\/wp\/v2\/pages"}],"about":[{"href":"https:\/\/neuhomeasv.asv-steyr.at\/index.php?rest_route=\/wp\/v2\/types\/page"}],"author":[{"embeddable":true,"href":"https:\/\/neuhomeasv.asv-steyr.at\/index.php?rest_route=\/wp\/v2\/users\/1"}],"replies":[{"embeddable":true,"href":"https:\/\/neuhomeasv.asv-steyr.at\/index.php?rest_route=%2Fwp%2Fv2%2Fcomments&post=60"}],"version-history":[{"count":19,"href":"https:\/\/neuhomeasv.asv-steyr.at\/index.php?rest_route=\/wp\/v2\/pages\/60\/revisions"}],"predecessor-version":[{"id":6451,"href":"https:\/\/neuhomeasv.asv-steyr.at\/index.php?rest_route=\/wp\/v2\/pages\/60\/revisions\/6451"}],"up":[{"embeddable":true,"href":"https:\/\/neuhomeasv.asv-steyr.at\/index.php?rest_route=\/wp\/v2\/pages\/305"}],"wp:attachment":[{"href":"https:\/\/neuhomeasv.asv-steyr.at\/index.php?rest_route=%2Fwp%2Fv2%2Fmedia&parent=60"}],"curies":[{"name":"wp","href":"https:\/\/api.w.org\/{rel}","templated":true}]}}