{"id":54,"date":"2014-10-20T22:35:17","date_gmt":"2014-10-20T20:35:17","guid":{"rendered":"http:\/\/localhost\/wordpress\/?page_id=54"},"modified":"2025-12-23T07:12:30","modified_gmt":"2025-12-23T06:12:30","slug":"stausee-kronstorf-rubring","status":"publish","type":"page","link":"https:\/\/neuhomeasv.asv-steyr.at\/?page_id=54","title":{"rendered":"Stausee Kronstorf Rubring"},"content":{"rendered":"<div style=\"hyphens: auto; width: 11.50cm; height: 48.50cm;\">\n<table style=\"width: 130%;\" border=\"1\" cellpadding=\"6\">\n<tbody>\n<tr>\n<td style=\"width: 25%;\" bgcolor=\"#d8dee9\" width=\"20%\">Hinweis<\/td>\n<td><a href=\"https:\/\/neuhomeasv.asv-steyr.at\/?p=6571\" target=\"_blank\" rel=\"noopener noreferrer\">Lizenzbestimmungen<\/a><\/td>\n<\/tr>\n<tr>\n<td style=\"width: 20%;\" bgcolor=\"#d8dee9\" width=\"20%\">Fangzeit<\/td>\n<td>ganzj\u00e4hrig<br \/>\nSonderbestimmung: NUR F\u00dcR VOLLMITGLIEDER: von 01. Juni bis 15. Februar ist das Huchenfischen erlaubt.<\/td>\n<\/tr>\n<tr>\n<td bgcolor=\"#d8dee9\">Linksufrig O\u00d6 Rechtsufrig N\u00d6<\/td>\n<td><strong>Abschnitt I:<\/strong> von Flu\u00df\u00adkilometer 9.500 (Obergrenze FV-Enns) bis Flu\u00df\u00adkilometer 11.675.<br \/>\n<strong>Abschnitt II: <\/strong>von Flu\u00df\u00ad\u00adkilometer 12.375 bis Untergrenze Harthaller Flu\u00dfkilometer 12910.<br \/>\n<em><strong>ACHTUNG:<\/strong><\/em><strong> Von Flu\u00dfkilometer 11.675 bis ca. Flu\u00df\u00ad\u00adkilometer 12.375 ist das Fischen rechts und linksufrig VERBOTEN !!!<\/strong><span style=\"font-size: small; color: blue;\"> Es wurden Fischgrenztafeln aufgestellt.<\/span><br \/>\nSkizze siehe Lizenzbestimmungen Seite 32<\/td>\n<\/tr>\n<tr>\n<td style=\"width: 20%;\" bgcolor=\"#d8dee9\" width=\"20%\">Fangerlaubnis<\/td>\n<td>4 Fische pro Fischtag, maximal 12 Fische pro Woche,<br \/>\nDer maximale j\u00e4hrlich \u00c4schenausfang ist mit 15 Stk. \u00c4schen limitiert und wird dem Jahresausfang st\u00fcckm\u00e4\u00dfig zugeschrieben.<\/td>\n<\/tr>\n<tr>\n<td bgcolor=\"#d8dee9\">Angelger\u00e4te<\/td>\n<td>2 Angelruten mit je 1 Einzelhaken<br \/>\noder\u00a01 Angelrute mit\u00a02 Einzelhaken<br \/>\nSpinnfischen mit Drilling erlaubt<\/td>\n<\/tr>\n<tr>\n<td bgcolor=\"#d8dee9\">Erlaubt<\/td>\n<td><img loading=\"lazy\" decoding=\"async\" class=\"alignnone size-full wp-image-3800\" src=\"http:\/\/neuhomeasv.asv-steyr.at\/wp-content\/uploads\/ASVspinBild-1.jpg\" alt=\"\" width=\"50\" height=\"110\" \/><img loading=\"lazy\" decoding=\"async\" class=\"alignnone size-full wp-image-3794\" src=\"http:\/\/neuhomeasv.asv-steyr.at\/wp-content\/uploads\/ASVgrundBild.jpg\" alt=\"\" width=\"50\" height=\"110\" \/><img loading=\"lazy\" decoding=\"async\" class=\"alignnone size-full wp-image-3793\" src=\"http:\/\/neuhomeasv.asv-steyr.at\/wp-content\/uploads\/ASVfliegeBild.jpg\" alt=\"\" width=\"50\" height=\"110\" \/><img loading=\"lazy\" decoding=\"async\" class=\"alignnone size-full wp-image-3799\" src=\"http:\/\/neuhomeasv.asv-steyr.at\/wp-content\/uploads\/ASVposeBild.jpg\" alt=\"\" width=\"50\" height=\"108\" \/><img loading=\"lazy\" decoding=\"async\" class=\"alignnone size-full wp-image-3798\" src=\"http:\/\/neuhomeasv.asv-steyr.at\/wp-content\/uploads\/ASVnachfischenBild.jpg\" alt=\"\" width=\"50\" height=\"104\" \/><img loading=\"lazy\" decoding=\"async\" class=\"alignnone size-full wp-image-3792\" src=\"http:\/\/neuhomeasv.asv-steyr.at\/wp-content\/uploads\/ASVanf\u00fctternBild.jpg\" alt=\"\" width=\"50\" height=\"106\" \/><img loading=\"lazy\" decoding=\"async\" class=\"alignnone size-full wp-image-3801\" src=\"http:\/\/neuhomeasv.asv-steyr.at\/wp-content\/uploads\/ASVspiraleBild.jpg\" alt=\"\" width=\"50\" height=\"105\" \/><img loading=\"lazy\" decoding=\"async\" class=\"alignnone size-full wp-image-3795\" src=\"http:\/\/neuhomeasv.asv-steyr.at\/wp-content\/uploads\/ASVh\u00f6lzlBild.jpg\" alt=\"\" width=\"50\" height=\"106\" \/><img loading=\"lazy\" decoding=\"async\" class=\"alignnone wp-image-3796 size-full\" src=\"http:\/\/neuhomeasv.asv-steyr.at\/wp-content\/uploads\/ASVhuchenASVmitgliederBild.jpg\" alt=\"\" width=\"120\" height=\"127\" \/><\/td>\n<\/tr>\n<tr>\n<td bgcolor=\"#d8dee9\">Nymphenfischen<\/td>\n<td>Nymphenfischen mit <span style=\"color: blue;\">Tirolerh\u00f6lzl ist verboten.<\/span><br \/>\nNymphenfischen mit Schwimmer erlaubt.<\/td>\n<\/tr>\n<tr>\n<td bgcolor=\"#d8dee9\">Segelklub<\/td>\n<td>Im Gel\u00e4nde des Segelklubs ist auf die Segler R\u00fccksicht zu nehmen. Das Befahren des Grundst\u00fccks ist nur Mitgliedern des Segelklubs gestattet!<\/td>\n<\/tr>\n<tr>\n<td bgcolor=\"#d8dee9\">befischbar mit<\/td>\n<td>Jahreslizenz f\u00fcr ASV-Mitglieder , kleine Lizenz , Kombilizenz Tageskarte (ohne Hermannwasser)<\/td>\n<\/tr>\n<tr>\n<td colspan=\"2\"><a href=\"http:\/\/neuhomeasv.asv-steyr.at\/wp-content\/uploads\/Gew\u00e4ssergrenzen_Rubring.jpg\"><img decoding=\"async\" class=\"alignnone size-full wp-image-1327\" src=\"http:\/\/neuhomeasv.asv-steyr.at\/wp-content\/uploads\/Gew\u00e4ssergrenzen_Rubring.jpg\" alt=\"Kronsdorf_Rubring2_300dpi\" width=\"550\" \/><\/a>Datenquelle: Alle Details zu dieser Karte finden Sie auf <a href=\"http:\/\/basemap.at\/\">basemap.at<\/a><\/td>\n<\/tr>\n<\/tbody>\n<\/table>\n<\/div>\n","protected":false},"excerpt":{"rendered":"<p>Hinweis Lizenzbestimmungen Fangzeit ganzj\u00e4hrig Sonderbestimmung: NUR F\u00dcR VOLLMITGLIEDER: von 01. Juni bis 15. Februar ist das Huchenfischen erlaubt. Linksufrig O\u00d6 Rechtsufrig N\u00d6 Abschnitt I: von Flu\u00df\u00adkilometer 9.500 (Obergrenze FV-Enns) bis &hellip; <a href=\"https:\/\/neuhomeasv.asv-steyr.at\/?page_id=54\" class=\"more-link\"><span class=\"screen-reader-text\">Stausee Kronstorf Rubring<\/span> weiterlesen <span class=\"meta-nav\">&rarr;<\/span><\/a><\/p>\n","protected":false},"author":1,"featured_media":0,"parent":39,"menu_order":0,"comment_status":"closed","ping_status":"closed","template":"","meta":{"footnotes":""},"class_list":["post-54","page","type-page","status-publish","hentry"],"_links":{"self":[{"href":"https:\/\/neuhomeasv.asv-steyr.at\/index.php?rest_route=\/wp\/v2\/pages\/54","targetHints":{"allow":["GET"]}}],"collection":[{"href":"https:\/\/neuhomeasv.asv-steyr.at\/index.php?rest_route=\/wp\/v2\/pages"}],"about":[{"href":"https:\/\/neuhomeasv.asv-steyr.at\/index.php?rest_route=\/wp\/v2\/types\/page"}],"author":[{"embeddable":true,"href":"https:\/\/neuhomeasv.asv-steyr.at\/index.php?rest_route=\/wp\/v2\/users\/1"}],"replies":[{"embeddable":true,"href":"https:\/\/neuhomeasv.asv-steyr.at\/index.php?rest_route=%2Fwp%2Fv2%2Fcomments&post=54"}],"version-history":[{"count":39,"href":"https:\/\/neuhomeasv.asv-steyr.at\/index.php?rest_route=\/wp\/v2\/pages\/54\/revisions"}],"predecessor-version":[{"id":6577,"href":"https:\/\/neuhomeasv.asv-steyr.at\/index.php?rest_route=\/wp\/v2\/pages\/54\/revisions\/6577"}],"up":[{"embeddable":true,"href":"https:\/\/neuhomeasv.asv-steyr.at\/index.php?rest_route=\/wp\/v2\/pages\/39"}],"wp:attachment":[{"href":"https:\/\/neuhomeasv.asv-steyr.at\/index.php?rest_route=%2Fwp%2Fv2%2Fmedia&parent=54"}],"curies":[{"name":"wp","href":"https:\/\/api.w.org\/{rel}","templated":true}]}}