{"id":45,"date":"2014-10-20T22:07:05","date_gmt":"2014-10-20T20:07:05","guid":{"rendered":"http:\/\/localhost\/wordpress\/?page_id=45"},"modified":"2025-12-23T07:12:30","modified_gmt":"2025-12-23T06:12:30","slug":"steyrer-stadtwasser","status":"publish","type":"page","link":"https:\/\/neuhomeasv.asv-steyr.at\/?page_id=45","title":{"rendered":"Steyrer Stadtwasser"},"content":{"rendered":"<div style=\"hyphens: auto; width: 11.50cm; height: 49.0cm;\">\n<table style=\"width: 130%;\" border=\"1\" width=\"130%\" cellpadding=\"6\">\n<tbody>\n<tr>\n<td style=\"width: 25%;\" bgcolor=\"#d8dee9\" width=\"20%\">Hinweis<\/td>\n<td><a href=\"https:\/\/neuhomeasv.asv-steyr.at\/?p=6571\" target=\"_blank\" rel=\"noopener noreferrer\">Lizenzbestimmungen<\/a><\/p>\n<p>Tageskarten \u00fcber <a href=\"https:\/\/www.hejfish.com\/search?search=%22steyrer%20stadtwasser%22&amp;tickets=1\" target=\"_blank\" rel=\"noopener noreferrer\">hejfisch online kaufen<\/a><\/td>\n<\/tr>\n<tr>\n<td style=\"width: 20%;\" bgcolor=\"#d8dee9\" width=\"20%\">Fangzeit<\/td>\n<td>16. M\u00e4rz bis 30. November; eine Stunde vor Sonnenaufgang bis eine Stunde nach -untergang; siehe Sonnenaufgangs-bzw. -untergangstabelle in den Lizenzbestimmungen Seite 15 (Eintragungspflicht)<br \/>\n<a href=\"http:\/\/neuhomeasv.asv-steyr.at\/?page_id=3885&amp;preview=true\" target=\"_blank\" rel=\"noopener noreferrer\">Sonnenauf-bzw. -untergangstabelle<\/a><\/td>\n<\/tr>\n<tr>\n<td bgcolor=\"#d8dee9\">Obergrenze<\/td>\n<td>Steyr,Beidseitig H\u00f6he ehem. Neutorbr\u00fccke<\/td>\n<\/tr>\n<tr>\n<td bgcolor=\"#d8dee9\">Untergrenze<\/td>\n<td>Beidseitig H\u00f6he Ramingbachm\u00fcndung (Ennsknie)<\/td>\n<\/tr>\n<tr>\n<td bgcolor=\"#d8dee9\">Angelger\u00e4t<\/td>\n<td>\n<ol>\n<li>Die Enns darf nur mit einer Flugangel und mit k\u00fcnstlicherFliege befischt werden.<\/li>\n<li>Es sind Trockenfliege, Nymphe und Streamer erlaubt.<\/li>\n<li>Es ist pro Rute nur eine widerhakenlose Fliege am Einzelhaken (barbless oder sauber angedr\u00fcckt) gestattet.<\/li>\n<li>Es d\u00fcrfen keine d\u00fcnneren Vorf\u00e4cher als 0,14 (5X) verwendet werden.<\/li>\n<\/ol>\n<\/td>\n<\/tr>\n<tr>\n<td bgcolor=\"#d8dee9\">Mindestma\u00dfe<\/td>\n<td>\u00c4sche 40 cm, Bachforelle 40 cm, Regenbogenforelle 35 cm<\/td>\n<\/tr>\n<tr>\n<td bgcolor=\"#d8dee9\">Watfischen<\/td>\n<td>bis 31. Mai nur Kniestiefel erlaubt.<br \/>\nerst ab 01. Juni Watfischen erlaubt<\/td>\n<\/tr>\n<tr>\n<td bgcolor=\"#d8dee9\">verboten ist<\/td>\n<td>Anf\u00fcttern, Nachtfischen, Spinnfischen und Huchenfischen<\/td>\n<\/tr>\n<tr>\n<td bgcolor=\"#d8dee9\">Ausfang<\/td>\n<td>4 Fische pro Fischtag davon max. 2 Stk. Salmoniden oder \u00c4schen; max. 6 Fische pro Woche; max. 40 Fische pro Saison. (EINTRAGUNGSPFLICHT!!)<\/td>\n<\/tr>\n<tr>\n<td bgcolor=\"#d8dee9\">M\u00fcndungsbereiche<\/td>\n<td>Das Befischen der B\u00e4che und R\u00fcckstauen ist verboten!Sofern keine Kennzeichnung durch Hinweistafeln vorhanden ist, gilt die gedachte Uferlinie der Enns als Fischereigrenze.Bei Zwischenbrucken darf bis zum Spitalm\u00fchlwehr gefischt werden.<br \/>\nDas Fischen vom Boot aus ist verboten!<\/td>\n<\/tr>\n<tr>\n<td bgcolor=\"#d8dee9\">Weitere Bestimmungen<\/td>\n<td>\n<ol>\n<li>Die entnommenen Fische sind unverz\u00fcglich zu t\u00f6ten, mit Art f\u00fcr den dementsprechenden Angeltag und mit Kugelschreiber in die Fangstatistik einzutragen.<\/li>\n<li>Huchenfischen ist strengstens verboten.<\/li>\n<li>Es wird ersucht, in der \u00c4schen- und Bachforellenlaichzeit diese Fische nicht zu befischen.<\/li>\n<\/ol>\n<\/td>\n<\/tr>\n<tr>\n<td bgcolor=\"#d8dee9\">Erlaubt<\/td>\n<td>\u00a0<img loading=\"lazy\" decoding=\"async\" class=\"alignnone size-full wp-image-3793\" src=\"http:\/\/neuhomeasv.asv-steyr.at\/wp-content\/uploads\/ASVfliegeBild.jpg\" alt=\"\" width=\"50\" height=\"110\" \/><\/td>\n<\/tr>\n<tr>\n<td bgcolor=\"#d8dee9\">Verboten<\/td>\n<td>\u00a0<img loading=\"lazy\" decoding=\"async\" class=\"alignnone size-full wp-image-3797\" src=\"http:\/\/neuhomeasv.asv-steyr.at\/wp-content\/uploads\/ASVhuchenBild.jpg\" alt=\"\" width=\"50\" height=\"105\" \/><img loading=\"lazy\" decoding=\"async\" class=\"alignnone size-full wp-image-3798\" src=\"http:\/\/neuhomeasv.asv-steyr.at\/wp-content\/uploads\/ASVnachfischenBild.jpg\" alt=\"\" width=\"50\" height=\"104\" \/><img loading=\"lazy\" decoding=\"async\" class=\"alignnone size-full wp-image-3792\" src=\"http:\/\/neuhomeasv.asv-steyr.at\/wp-content\/uploads\/ASVanf\u00fctternBild.jpg\" alt=\"\" width=\"50\" height=\"106\" \/><\/td>\n<\/tr>\n<tr>\n<td bgcolor=\"#d8dee9\">befischbar mit<\/td>\n<td>eigener Lizenz: &#8222;Steyrer Stadtwasser Enns&#8220;<\/td>\n<\/tr>\n<tr>\n<td colspan=\"2\"><img decoding=\"async\" src=\" http:\/\/neuhomeasv.asv-steyr.at\/wp-content\/uploads\/Stadtwasser2_300dpi.jpg\" alt=\"\" width=\"450px\" \/>Datenquelle: Alle Details zu dieser Karte finden Sie auf <a href=\"http:\/\/basemap.at\/\">basemap.at<\/a><\/td>\n<\/tr>\n<\/tbody>\n<\/table>\n<\/div>\n","protected":false},"excerpt":{"rendered":"<p>Hinweis Lizenzbestimmungen Tageskarten \u00fcber hejfisch online kaufen Fangzeit 16. M\u00e4rz bis 30. November; eine Stunde vor Sonnenaufgang bis eine Stunde nach -untergang; siehe Sonnenaufgangs-bzw. -untergangstabelle in den Lizenzbestimmungen Seite 15 &hellip; <a href=\"https:\/\/neuhomeasv.asv-steyr.at\/?page_id=45\" class=\"more-link\"><span class=\"screen-reader-text\">Steyrer Stadtwasser<\/span> weiterlesen <span class=\"meta-nav\">&rarr;<\/span><\/a><\/p>\n","protected":false},"author":1,"featured_media":0,"parent":39,"menu_order":0,"comment_status":"closed","ping_status":"closed","template":"","meta":{"footnotes":""},"class_list":["post-45","page","type-page","status-publish","hentry"],"_links":{"self":[{"href":"https:\/\/neuhomeasv.asv-steyr.at\/index.php?rest_route=\/wp\/v2\/pages\/45","targetHints":{"allow":["GET"]}}],"collection":[{"href":"https:\/\/neuhomeasv.asv-steyr.at\/index.php?rest_route=\/wp\/v2\/pages"}],"about":[{"href":"https:\/\/neuhomeasv.asv-steyr.at\/index.php?rest_route=\/wp\/v2\/types\/page"}],"author":[{"embeddable":true,"href":"https:\/\/neuhomeasv.asv-steyr.at\/index.php?rest_route=\/wp\/v2\/users\/1"}],"replies":[{"embeddable":true,"href":"https:\/\/neuhomeasv.asv-steyr.at\/index.php?rest_route=%2Fwp%2Fv2%2Fcomments&post=45"}],"version-history":[{"count":23,"href":"https:\/\/neuhomeasv.asv-steyr.at\/index.php?rest_route=\/wp\/v2\/pages\/45\/revisions"}],"predecessor-version":[{"id":6579,"href":"https:\/\/neuhomeasv.asv-steyr.at\/index.php?rest_route=\/wp\/v2\/pages\/45\/revisions\/6579"}],"up":[{"embeddable":true,"href":"https:\/\/neuhomeasv.asv-steyr.at\/index.php?rest_route=\/wp\/v2\/pages\/39"}],"wp:attachment":[{"href":"https:\/\/neuhomeasv.asv-steyr.at\/index.php?rest_route=%2Fwp%2Fv2%2Fmedia&parent=45"}],"curies":[{"name":"wp","href":"https:\/\/api.w.org\/{rel}","templated":true}]}}