{"id":43,"date":"2014-10-20T21:59:52","date_gmt":"2014-10-20T19:59:52","guid":{"rendered":"http:\/\/localhost\/wordpress\/?page_id=43"},"modified":"2025-12-23T07:11:39","modified_gmt":"2025-12-23T06:11:39","slug":"gewaesser","status":"publish","type":"page","link":"https:\/\/neuhomeasv.asv-steyr.at\/?page_id=43","title":{"rendered":"Gew\u00e4sser"},"content":{"rendered":"<div>Der Angelsportverein Steyr 1923 besitzt Eigengew\u00e4sser.<\/div>\n<div><a href=\"https:\/\/neuhomeasv.asv-steyr.at\/?p=6571\">Bestimmungen_2026_g\u00fcltig<\/a><\/div>\n<div style=\"color: #0000ff;\"><\/div>\n<div>&gt; <a title=\"Vereinswasser\" href=\"http:\/\/neuhomeasv.asv-steyr.at\/?page_id=50\">Vereinswasser<\/a><br \/>\nDer Angelsportverein Steyr 1923 bewirtschaftet Pachtgew\u00e4sser.<\/div>\n<div>&gt; <a title=\"Stausee Kronstorf Rubring\" href=\"http:\/\/neuhomeasv.asv-steyr.at\/?page_id=54\" target=\"_blank\" rel=\"noopener\">Kronstorf\/Rubring<\/a><\/div>\n<div>&gt; <a title=\"Hermannwasser\" href=\"http:\/\/neuhomeasv.asv-steyr.at\/?page_id=52\" target=\"_blank\" rel=\"noopener\">Hermannwasser<\/a><\/div>\n<div>&gt; <a title=\"Stausee Staning\" href=\"http:\/\/neuhomeasv.asv-steyr.at\/?page_id=47\" target=\"_blank\" rel=\"noopener\">Stausee Staning<\/a><\/div>\n<div>&gt; <a title=\"Bischofwasser\" href=\"http:\/\/neuhomeasv.asv-steyr.at\/?page_id=33\" target=\"_blank\" rel=\"noopener\">Bischofwasser<\/a><\/div>\n<div>&gt; <a title=\"Steyrer Stadtwasser\" href=\"http:\/\/neuhomeasv.asv-steyr.at\/?page_id=45\" target=\"_blank\" rel=\"noopener\">Steyrer\u00a0Stadtwasser<\/a><\/div>\n<div>\n<table>\n<tbody>\n<tr>\n<td colspan=\"2\"><img decoding=\"async\" src=\" http:\/\/neuhomeasv.asv-steyr.at\/wp-content\/uploads\/Summ_ASV_300dpi.jpg\" alt=\"\" width=\"550px\" \/>Datenquelle: Alle Details zu dieser Karte finden Sie auf <a href=\"http:\/\/basemap.at\/\">basemap.at<\/a><\/td>\n<\/tr>\n<\/tbody>\n<\/table>\n<\/div>\n","protected":false},"excerpt":{"rendered":"<p>Der Angelsportverein Steyr 1923 besitzt Eigengew\u00e4sser. Bestimmungen_2026_g\u00fcltig &gt; Vereinswasser Der Angelsportverein Steyr 1923 bewirtschaftet Pachtgew\u00e4sser. &gt; Kronstorf\/Rubring &gt; Hermannwasser &gt; Stausee Staning &gt; Bischofwasser &gt; Steyrer\u00a0Stadtwasser Datenquelle: Alle Details zu &hellip; <a href=\"https:\/\/neuhomeasv.asv-steyr.at\/?page_id=43\" class=\"more-link\"><span class=\"screen-reader-text\">Gew\u00e4sser<\/span> weiterlesen <span class=\"meta-nav\">&rarr;<\/span><\/a><\/p>\n","protected":false},"author":1,"featured_media":0,"parent":0,"menu_order":0,"comment_status":"closed","ping_status":"closed","template":"","meta":{"footnotes":""},"class_list":["post-43","page","type-page","status-publish","hentry"],"_links":{"self":[{"href":"https:\/\/neuhomeasv.asv-steyr.at\/index.php?rest_route=\/wp\/v2\/pages\/43","targetHints":{"allow":["GET"]}}],"collection":[{"href":"https:\/\/neuhomeasv.asv-steyr.at\/index.php?rest_route=\/wp\/v2\/pages"}],"about":[{"href":"https:\/\/neuhomeasv.asv-steyr.at\/index.php?rest_route=\/wp\/v2\/types\/page"}],"author":[{"embeddable":true,"href":"https:\/\/neuhomeasv.asv-steyr.at\/index.php?rest_route=\/wp\/v2\/users\/1"}],"replies":[{"embeddable":true,"href":"https:\/\/neuhomeasv.asv-steyr.at\/index.php?rest_route=%2Fwp%2Fv2%2Fcomments&post=43"}],"version-history":[{"count":15,"href":"https:\/\/neuhomeasv.asv-steyr.at\/index.php?rest_route=\/wp\/v2\/pages\/43\/revisions"}],"predecessor-version":[{"id":6617,"href":"https:\/\/neuhomeasv.asv-steyr.at\/index.php?rest_route=\/wp\/v2\/pages\/43\/revisions\/6617"}],"wp:attachment":[{"href":"https:\/\/neuhomeasv.asv-steyr.at\/index.php?rest_route=%2Fwp%2Fv2%2Fmedia&parent=43"}],"curies":[{"name":"wp","href":"https:\/\/api.w.org\/{rel}","templated":true}]}}