{"id":3981,"date":"2018-05-12T15:46:54","date_gmt":"2018-05-12T13:46:54","guid":{"rendered":"http:\/\/neuhomeasv.asv-steyr.at\/?page_id=3981"},"modified":"2018-08-01T14:28:02","modified_gmt":"2018-08-01T12:28:02","slug":"datenschutz","status":"publish","type":"page","link":"https:\/\/neuhomeasv.asv-steyr.at\/?page_id=3981","title":{"rendered":"Datenschutz"},"content":{"rendered":"<div>\nDatenschutzgesetzverordnung (DSGVO)<\/p>\n<div style=\"text-align: justify;\">Ab dem 25. Mai 2018 tritt die neue Datenschutzgesetzverordnung (DSGVO) in Kraft. F\u00fcr alle Webseitenbetreiber sind damit ein paar Udates zwingend erforderlich.<\/div>\n<div style=\"margin-top: 25px;text-align: justify;\">\nI.) DATENSCHUTZERKL\u00c4RUNG<br \/>\nF\u00fcr alle Webseiten ist es notwendig, einen eigenen, neuen Men\u00fc\u00adpunkt &#8220;Datenschutz&#8221; einzurichten um korrekt \u00fcber die Daten\u00adschutz\u00aderkl\u00e4rung, Daten\u00adspeicherung, Cookies, News\u00adletter, Web Analyse (u.a. Statistikerhebungen) zu informieren.<\/div>\n<p>Der Vorstand<\/p>\n<div><strong>1) Seite <a href=\"http:\/\/neuhomeasv.asv-steyr.at\/?page_id=322\">Impressum<\/a><\/strong><\/div>\n<p>Im Impressum sind bereits Informationen \u00fcber Cookies, Links &#8230; beschrieben.<\/p>\n<div><\/div>\n<div><strong>2) Registrierung von Benutzer<\/strong><\/div>\n<div style=\"text-align: justify;\">\n<p>Jeder Benutzer kann sich freiwillig auf unserer Homepage www.asv-steyr.at registrieren. Die erfassten Daten werden in einer Daten\u00adbank gespeichert. Diese Daten (Benutzername, Geb.Dat., e-mail,&#8230;..) werden nicht weitergeben. Sie sind nach den derzeit \u00fcblichen Schutz\u00admechanismen gesch\u00fctzt. Jeder\u00a0der sich registriert, ist damit ein\u00adver\u00adstanden, dass er vom ASV-STEYR per e-mail kontaktiert werden darf.<\/p>\n<div><\/div>\n<div><strong>3) WordPress Analytics and Statistics<\/strong><\/div>\n<div>Der ASV-Steyr nutzt das oben angef\u00fchrte Tool. Es wird ausgewertet,<\/div>\n<ul>\n<li>wieviele Besucher die Homepage besuchen<\/li>\n<li>aus welchen Land die Besucher kommen<\/li>\n<li>welche Seite am h\u00e4ufigsten besucht wird<\/li>\n<li>wie oft ein und derselbe Besucher die Seite besucht<\/li>\n<li>welche Browser die Besucher nutzen usw.<\/li>\n<\/ul>\n<div><\/div>\n<div><strong>4) Bilder im Fotoalbum<\/strong><\/div>\n<div>Alle Bilder, die der ASV-STEYR ver\u00f6ffentlicht, wurden<\/div>\n<ul>\n<li>entweder von den Fotografen an den ASV-STEYR zur Ver\u00f6ffentlichung \u00fcbermittelt bzw. freigegeben<\/li>\n<li>bei Veranstaltungen des ASV-STEYR fotografiert.<\/li>\n<\/ul>\n<div style=\"text-align: justify;\">Grunds\u00e4tzlich wird angenommen, dass Personen, die an Veranstaltungen des ASV-STEYR teilnehmen, bewusst ist, dass Fotos von dieser Veranstaltung f\u00fcr \u00d6ffentlichkeitsarbeit verwendet werden, somit die Zustimmung der Teilnehmer gegeben ist, wenn nicht ausdr\u00fccklich schriftlich widersprochen wird.<br \/>\nSollte jemand mit einem ver\u00f6ffentlichten Foto nicht einverstanden sein, hat er die M\u00f6glichkeit, dies dem ASV-STEYR schriftlich mitzuteilen. Es wird dann gepr\u00fcft, und entschieden, ob das Foto zu entfernen ist.<\/div>\n<p>E-Mail: <a href=\"mailto:office@asv-steyr.at\">B\u00fcro Angelsportverein<\/a><\/p>\n<div>ENDE<\/div>\n<div><\/div>\n<\/div>\n<\/div>\n","protected":false},"excerpt":{"rendered":"<p>Datenschutzgesetzverordnung (DSGVO) Ab dem 25. Mai 2018 tritt die neue Datenschutzgesetzverordnung (DSGVO) in Kraft. F\u00fcr alle Webseitenbetreiber sind damit ein paar Udates zwingend erforderlich. I.) DATENSCHUTZERKL\u00c4RUNG F\u00fcr alle Webseiten ist &hellip; <a href=\"https:\/\/neuhomeasv.asv-steyr.at\/?page_id=3981\" class=\"more-link\"><span class=\"screen-reader-text\">Datenschutz<\/span> weiterlesen <span class=\"meta-nav\">&rarr;<\/span><\/a><\/p>\n","protected":false},"author":1,"featured_media":0,"parent":322,"menu_order":0,"comment_status":"closed","ping_status":"closed","template":"","meta":{"footnotes":""},"class_list":["post-3981","page","type-page","status-publish","hentry"],"_links":{"self":[{"href":"https:\/\/neuhomeasv.asv-steyr.at\/index.php?rest_route=\/wp\/v2\/pages\/3981","targetHints":{"allow":["GET"]}}],"collection":[{"href":"https:\/\/neuhomeasv.asv-steyr.at\/index.php?rest_route=\/wp\/v2\/pages"}],"about":[{"href":"https:\/\/neuhomeasv.asv-steyr.at\/index.php?rest_route=\/wp\/v2\/types\/page"}],"author":[{"embeddable":true,"href":"https:\/\/neuhomeasv.asv-steyr.at\/index.php?rest_route=\/wp\/v2\/users\/1"}],"replies":[{"embeddable":true,"href":"https:\/\/neuhomeasv.asv-steyr.at\/index.php?rest_route=%2Fwp%2Fv2%2Fcomments&post=3981"}],"version-history":[{"count":50,"href":"https:\/\/neuhomeasv.asv-steyr.at\/index.php?rest_route=\/wp\/v2\/pages\/3981\/revisions"}],"predecessor-version":[{"id":4976,"href":"https:\/\/neuhomeasv.asv-steyr.at\/index.php?rest_route=\/wp\/v2\/pages\/3981\/revisions\/4976"}],"up":[{"embeddable":true,"href":"https:\/\/neuhomeasv.asv-steyr.at\/index.php?rest_route=\/wp\/v2\/pages\/322"}],"wp:attachment":[{"href":"https:\/\/neuhomeasv.asv-steyr.at\/index.php?rest_route=%2Fwp%2Fv2%2Fmedia&parent=3981"}],"curies":[{"name":"wp","href":"https:\/\/api.w.org\/{rel}","templated":true}]}}