{"id":33,"date":"2014-10-20T21:28:20","date_gmt":"2014-10-20T19:28:20","guid":{"rendered":"http:\/\/localhost\/wordpress\/?page_id=33"},"modified":"2025-12-23T07:12:30","modified_gmt":"2025-12-23T06:12:30","slug":"bischofwasser","status":"publish","type":"page","link":"https:\/\/neuhomeasv.asv-steyr.at\/?page_id=33","title":{"rendered":"Bischofwasser"},"content":{"rendered":"<div style=\"hyphens: auto; width: 11.50cm; height: 39.5cm;\">\n<table style=\"width: 130%;\" border=\"1\" cellpadding=\"6\">\n<tbody>\n<tr>\n<td style=\"width: 25%;\" bgcolor=\"#d8dee9\" width=\"20%\">Hinweis<\/td>\n<td><a href=\"https:\/\/neuhomeasv.asv-steyr.at\/?p=6571\" target=\"_blank\" rel=\"noopener noreferrer\">Lizenzbestimmungen<\/a><\/td>\n<\/tr>\n<tr>\n<td style=\"width: 25%;\" bgcolor=\"#d8dee9\" width=\"20%\">Fangzeit<\/td>\n<td>1. Mai bis 31. Oktober (eine Std. vor bis eine Std. nach Sonnenauf- bzw. -untergang, siehe Tabelle);<br \/>\n<a href=\"http:\/\/neuhomeasv.asv-steyr.at\/?page_id=3885&amp;preview=true\" target=\"_blank\" rel=\"noopener noreferrer\">Sonnenauf-bzw. -untergangstabelle<\/a><br \/>\n26 Fischtage pro Saison nach freier Wahl. <span style=\"font-size: 12.0px; color: blue;\">( Diese Tage sind in der Fangstatistik gesondert einzutragen.)<\/span><\/td>\n<\/tr>\n<tr>\n<td bgcolor=\"#d8dee9\">Obergrenze<\/td>\n<td>Beidseitig H\u00f6he Ramingbachm\u00fcndung (Ennsknie)<\/td>\n<\/tr>\n<tr>\n<td bgcolor=\"#d8dee9\">Untergrenze<\/td>\n<td>ehem. Gasthaus Sandmayr Betonstiege\/Anlegestelle<\/td>\n<\/tr>\n<tr>\n<td bgcolor=\"#d8dee9\">Angelger\u00e4t<\/td>\n<td>2 Angelruten mit je 1 Einzelhaken<br \/>\noder EINE Angelrute mit ZWEI Einzelhaken;<br \/>\nSpinnfischen mit Drilling ist erlaubt.<\/td>\n<\/tr>\n<tr>\n<td bgcolor=\"#d8dee9\">Sonderbestimmung Ausfang<\/td>\n<td>Der maximale j\u00e4hrliche Ausfang ist mit 25 Stk. davon 7 \u00c4schen limitiert und wird dem Jahresausfang st\u00fcckm\u00e4\u00dfig zugeschrieben.<\/td>\n<\/tr>\n<tr>\n<td bgcolor=\"#d8dee9\">Erlaubt<\/td>\n<td><img decoding=\"async\" src=\"http:\/\/neuhomeasv.asv-steyr.at\/wp-content\/uploads\/ASVspinBild-1.jpg\" alt=\"\" width=\"50\" \/><img loading=\"lazy\" decoding=\"async\" class=\"alignnone size-full wp-image-3794\" src=\"http:\/\/neuhomeasv.asv-steyr.at\/wp-content\/uploads\/ASVgrundBild.jpg\" alt=\"\" width=\"50\" height=\"110\" \/><img loading=\"lazy\" decoding=\"async\" class=\"alignnone size-full wp-image-3793\" src=\"http:\/\/neuhomeasv.asv-steyr.at\/wp-content\/uploads\/ASVfliegeBild.jpg\" alt=\"\" width=\"50\" height=\"110\" \/><img loading=\"lazy\" decoding=\"async\" class=\"alignnone size-full wp-image-3799\" src=\"http:\/\/neuhomeasv.asv-steyr.at\/wp-content\/uploads\/ASVposeBild.jpg\" alt=\"\" width=\"50\" height=\"108\" \/><img loading=\"lazy\" decoding=\"async\" class=\"alignnone size-full wp-image-3795\" src=\"http:\/\/neuhomeasv.asv-steyr.at\/wp-content\/uploads\/ASVh\u00f6lzlBild.jpg\" alt=\"\" width=\"50\" height=\"106\" \/><\/td>\n<\/tr>\n<tr>\n<td bgcolor=\"#d8dee9\">Verboten<\/td>\n<td><img loading=\"lazy\" decoding=\"async\" class=\"alignnone size-full wp-image-3792\" src=\"http:\/\/neuhomeasv.asv-steyr.at\/wp-content\/uploads\/ASVanf\u00fctternBild.jpg\" alt=\"\" width=\"50\" height=\"106\" \/><img loading=\"lazy\" decoding=\"async\" class=\"alignnone size-full wp-image-3801\" src=\"http:\/\/neuhomeasv.asv-steyr.at\/wp-content\/uploads\/ASVspiraleBild.jpg\" alt=\"\" width=\"50\" height=\"105\" \/><img loading=\"lazy\" decoding=\"async\" class=\"alignnone size-full wp-image-3797\" src=\"http:\/\/neuhomeasv.asv-steyr.at\/wp-content\/uploads\/ASVhuchenBild.jpg\" alt=\"\" width=\"50\" height=\"105\" \/><img loading=\"lazy\" decoding=\"async\" class=\"alignnone size-full wp-image-3798\" src=\"http:\/\/neuhomeasv.asv-steyr.at\/wp-content\/uploads\/ASVnachfischenBild.jpg\" alt=\"\" width=\"50\" height=\"104\" \/><\/td>\n<\/tr>\n<tr>\n<td bgcolor=\"#d8dee9\">Spinnfischen<\/td>\n<td>erlaubt; Beim Spinnfischen ist eine <span style=\"font-size: 12.0px; color: blue;\"><br \/>\nK\u00f6derl\u00e4nge von max. 10 cm bzw. Spinner bis zur Gr\u00f6\u00dfe 3 erlaubt.<\/span><\/td>\n<\/tr>\n<tr>\n<td bgcolor=\"#d8dee9\">befischbar mit<\/td>\n<td>Jahreslizenz f\u00fcr ASV-Mitglieder<\/td>\n<\/tr>\n<tr>\n<td bgcolor=\"#d8dee9\">Zillenstandpl\u00e4tze <span style=\"font-size: 12.0px;\"><br \/>\n(nur f\u00fcr ASV-Mitglieder)<\/span><\/td>\n<td>1 Zille\u00a0bei Feuerwehr (linksufrig) Es wird ersucht die Zillen schonend zu\u00a0behandeln und nach Ben\u00fctzung zu reinigen und abzuschlie\u00dfen.<\/td>\n<\/tr>\n<tr>\n<td colspan=\"2\"><img decoding=\"async\" src=\" http:\/\/neuhomeasv.asv-steyr.at\/wp-content\/uploads\/Bischofswasser2_300dpi.jpg\" alt=\"\" width=\"500px\" \/>Datenquelle: Alle Details zu dieser Karte finden Sie auf <a href=\"http:\/\/basemap.at\/\">basemap.at<\/a><\/td>\n<\/tr>\n<\/tbody>\n<\/table>\n<\/div>\n","protected":false},"excerpt":{"rendered":"<p>Hinweis Lizenzbestimmungen Fangzeit 1. Mai bis 31. Oktober (eine Std. vor bis eine Std. nach Sonnenauf- bzw. -untergang, siehe Tabelle); Sonnenauf-bzw. -untergangstabelle 26 Fischtage pro Saison nach freier Wahl. ( &hellip; <a href=\"https:\/\/neuhomeasv.asv-steyr.at\/?page_id=33\" class=\"more-link\"><span class=\"screen-reader-text\">Bischofwasser<\/span> weiterlesen <span class=\"meta-nav\">&rarr;<\/span><\/a><\/p>\n","protected":false},"author":1,"featured_media":0,"parent":39,"menu_order":0,"comment_status":"closed","ping_status":"closed","template":"","meta":{"footnotes":""},"class_list":["post-33","page","type-page","status-publish","hentry"],"_links":{"self":[{"href":"https:\/\/neuhomeasv.asv-steyr.at\/index.php?rest_route=\/wp\/v2\/pages\/33","targetHints":{"allow":["GET"]}}],"collection":[{"href":"https:\/\/neuhomeasv.asv-steyr.at\/index.php?rest_route=\/wp\/v2\/pages"}],"about":[{"href":"https:\/\/neuhomeasv.asv-steyr.at\/index.php?rest_route=\/wp\/v2\/types\/page"}],"author":[{"embeddable":true,"href":"https:\/\/neuhomeasv.asv-steyr.at\/index.php?rest_route=\/wp\/v2\/users\/1"}],"replies":[{"embeddable":true,"href":"https:\/\/neuhomeasv.asv-steyr.at\/index.php?rest_route=%2Fwp%2Fv2%2Fcomments&post=33"}],"version-history":[{"count":34,"href":"https:\/\/neuhomeasv.asv-steyr.at\/index.php?rest_route=\/wp\/v2\/pages\/33\/revisions"}],"predecessor-version":[{"id":6574,"href":"https:\/\/neuhomeasv.asv-steyr.at\/index.php?rest_route=\/wp\/v2\/pages\/33\/revisions\/6574"}],"up":[{"embeddable":true,"href":"https:\/\/neuhomeasv.asv-steyr.at\/index.php?rest_route=\/wp\/v2\/pages\/39"}],"wp:attachment":[{"href":"https:\/\/neuhomeasv.asv-steyr.at\/index.php?rest_route=%2Fwp%2Fv2%2Fmedia&parent=33"}],"curies":[{"name":"wp","href":"https:\/\/api.w.org\/{rel}","templated":true}]}}