{"id":1105,"date":"2015-02-21T18:46:21","date_gmt":"2015-02-21T17:46:21","guid":{"rendered":"http:\/\/neuhomeasv.asv-steyr.at\/?page_id=1105"},"modified":"2020-12-09T16:31:15","modified_gmt":"2020-12-09T15:31:15","slug":"zillenstandplaetze-2015","status":"publish","type":"page","link":"https:\/\/neuhomeasv.asv-steyr.at\/?page_id=1105","title":{"rendered":"Zillenstandpl\u00e4tze 2020"},"content":{"rendered":"<div style=\"width: 580px; height: 28.0cm;\">\n<p style=\"font-size: 0.5cm;\">Es wird ersucht die Zillen schonend zu behandeln und nach Ben\u00fctzung zu reinigen und abzuschlie\u00dfen.<img loading=\"lazy\" decoding=\"async\" class=\" alignright wp-image-1135\" src=\"http:\/\/neuhomeasv.asv-steyr.at\/wp-content\/uploads\/144-300x169.jpg\" alt=\"Zillen Fischerhaus am Ufer\" width=\"212\" height=\"120\" srcset=\"https:\/\/neuhomeasv.asv-steyr.at\/wp-content\/uploads\/144-300x169.jpg 300w, https:\/\/neuhomeasv.asv-steyr.at\/wp-content\/uploads\/144-1024x576.jpg 1024w\" sizes=\"auto, (max-width: 212px) 100vw, 212px\" \/><\/p>\n<p style=\"margin-top: -0.5cm; width: 12.5cm; background-color: lemonchiffon;\"><b>Bitte die Zillen nicht zu kurz anh\u00e4ngen!<\/b><\/p>\n<h1><b>Zillenstandpl\u00e4tze 2020<\/b><\/h1>\n<table style=\"width: 580px; height: 380px;\" border=\"1\" width=\"686;height=505\" cellpadding=\"3;\">\n<tbody style=\"background-color: lemonchiffon;\">\n<tr>\n<td colspan=\"2\" bgcolor=\"#aab9ce\">\n<p align=\"left\"><strong><span style=\"color: #ffffff;\">Gew\u00e4sserstrecke<\/span><\/strong><\/p>\n<\/td>\n<td bgcolor=\"#aab9ce\">\n<p align=\"left\"><strong><span style=\"color: #ffffff;\">Standort<\/span><\/strong><\/p>\n<\/td>\n<td bgcolor=\"#aab9ce\">\n<p align=\"left\"><strong><span style=\"color: #ffffff;\">Ufer<\/span><\/strong><\/p>\n<\/td>\n<td bgcolor=\"#aab9ce\">\n<p align=\"left\"><strong><span style=\"color: #ffffff;\">Anzahl<\/span><\/strong><\/p>\n<\/td>\n<\/tr>\n<tr>\n<td colspan=\"2\"><b><a title=\"Bischofwasser\" href=\"http:\/\/neuhomeasv.asv-steyr.at\/?page_id=33\" target=\"_blank\" rel=\"noopener\">Bischofwasser<\/a><b><\/b><\/b><\/td>\n<td>Feuerwehr<\/td>\n<td>linksufrig<\/td>\n<td>1 Zille<\/td>\n<\/tr>\n<tr>\n<td colspan=\"2\"><a title=\"Stausee Staning\" href=\"http:\/\/neuhomeasv.asv-steyr.at\/?page_id=47\" target=\"_blank\" rel=\"noopener\"><b>Stausee Staning<\/b><\/a><\/td>\n<td>oberhalb KW Staning<\/td>\n<td>linksufrig<\/td>\n<td>1 Zillen<\/td>\n<\/tr>\n<tr>\n<td colspan=\"2\"><a title=\"Stausee Staning\" href=\"http:\/\/neuhomeasv.asv-steyr.at\/?page_id=47\" target=\"_blank\" rel=\"noopener\"><b>Stausee Staning<\/b><\/a><\/td>\n<td>oberhalb der Winklinger Kapelle<\/td>\n<td>linksufrig<\/td>\n<td>2 Zillen<\/td>\n<\/tr>\n<tr>\n<td colspan=\"2\"><a title=\"Vereinswasser\" href=\"http:\/\/neuhomeasv.asv-steyr.at\/?page_id=50\" target=\"_blank\" rel=\"noopener\"><b>Vereinswasser<\/b><\/a><\/td>\n<td>unterhalb KW Staning<br \/>\nFischerhaus<sup>1)<\/sup><\/td>\n<td>linksufrig<br \/>\nlinksufrig<\/td>\n<td>1 Zille<br \/>\n5 Zillen<\/td>\n<\/tr>\n<tr>\n<td colspan=\"2\"><b>Stausee Thalling<\/b><\/td>\n<td>unterhalb ehem. GH Klinger<\/td>\n<td>rechtsufrig<\/td>\n<td>1 Zille<\/td>\n<\/tr>\n<tr>\n<td colspan=\"2\"><a title=\"Innere Enns\" href=\"http:\/\/neuhomeasv.asv-steyr.at\/?page_id=58\" target=\"_blank\" rel=\"noopener\"><b>Stausee Garsten<\/b><\/a><\/td>\n<td>Eckhard Bucht<\/td>\n<td>rechtsufrig<\/td>\n<td>1 Zille<\/td>\n<\/tr>\n<tr>\n<td colspan=\"2\"><a title=\"Innere Enns\" href=\"http:\/\/neuhomeasv.asv-steyr.at\/?page_id=58\" target=\"_blank\" rel=\"noopener\"><b>Stausee Lahrndorf<\/b><\/a><\/td>\n<td>oberhalb Kraftwerk<\/td>\n<td>linksufrig<\/td>\n<td>1 Zille<\/td>\n<\/tr>\n<\/tbody>\n<\/table>\n<p class=\"einrueck\">1) Beim Fischerhaus ist bei jeder Nutzung der Zille der Tag und Name in das Heft in der Ruderh\u00fctte einzutragen!-DANKE<a href=\"http:\/\/neuhomeasv.asv-steyr.at\/wp-content\/uploads\/150.jpg\"><img loading=\"lazy\" decoding=\"async\" class=\"alignnone size-full wp-image-1136\" src=\"http:\/\/neuhomeasv.asv-steyr.at\/wp-content\/uploads\/150.jpg\" alt=\"Zillen Fischerhaus am Abend\" width=\"2304\" height=\"1296\" srcset=\"https:\/\/neuhomeasv.asv-steyr.at\/wp-content\/uploads\/150.jpg 2304w, https:\/\/neuhomeasv.asv-steyr.at\/wp-content\/uploads\/150-300x169.jpg 300w, https:\/\/neuhomeasv.asv-steyr.at\/wp-content\/uploads\/150-1024x576.jpg 1024w\" sizes=\"auto, (max-width: 2304px) 100vw, 2304px\" \/><\/a><\/p>\n<\/div>\n","protected":false},"excerpt":{"rendered":"<p>Es wird ersucht die Zillen schonend zu behandeln und nach Ben\u00fctzung zu reinigen und abzuschlie\u00dfen. Bitte die Zillen nicht zu kurz anh\u00e4ngen! Zillenstandpl\u00e4tze 2020 Gew\u00e4sserstrecke Standort Ufer Anzahl Bischofwasser Feuerwehr &hellip; <a href=\"https:\/\/neuhomeasv.asv-steyr.at\/?page_id=1105\" class=\"more-link\"><span class=\"screen-reader-text\">Zillenstandpl\u00e4tze 2020<\/span> weiterlesen <span class=\"meta-nav\">&rarr;<\/span><\/a><\/p>\n","protected":false},"author":1,"featured_media":0,"parent":84,"menu_order":0,"comment_status":"closed","ping_status":"closed","template":"","meta":{"footnotes":""},"class_list":["post-1105","page","type-page","status-publish","hentry"],"_links":{"self":[{"href":"https:\/\/neuhomeasv.asv-steyr.at\/index.php?rest_route=\/wp\/v2\/pages\/1105","targetHints":{"allow":["GET"]}}],"collection":[{"href":"https:\/\/neuhomeasv.asv-steyr.at\/index.php?rest_route=\/wp\/v2\/pages"}],"about":[{"href":"https:\/\/neuhomeasv.asv-steyr.at\/index.php?rest_route=\/wp\/v2\/types\/page"}],"author":[{"embeddable":true,"href":"https:\/\/neuhomeasv.asv-steyr.at\/index.php?rest_route=\/wp\/v2\/users\/1"}],"replies":[{"embeddable":true,"href":"https:\/\/neuhomeasv.asv-steyr.at\/index.php?rest_route=%2Fwp%2Fv2%2Fcomments&post=1105"}],"version-history":[{"count":35,"href":"https:\/\/neuhomeasv.asv-steyr.at\/index.php?rest_route=\/wp\/v2\/pages\/1105\/revisions"}],"predecessor-version":[{"id":5865,"href":"https:\/\/neuhomeasv.asv-steyr.at\/index.php?rest_route=\/wp\/v2\/pages\/1105\/revisions\/5865"}],"up":[{"embeddable":true,"href":"https:\/\/neuhomeasv.asv-steyr.at\/index.php?rest_route=\/wp\/v2\/pages\/84"}],"wp:attachment":[{"href":"https:\/\/neuhomeasv.asv-steyr.at\/index.php?rest_route=%2Fwp%2Fv2%2Fmedia&parent=1105"}],"curies":[{"name":"wp","href":"https:\/\/api.w.org\/{rel}","templated":true}]}}