{"id":11,"date":"2014-10-18T22:03:54","date_gmt":"2014-10-18T20:03:54","guid":{"rendered":"http:\/\/localhost\/wordpress\/?page_id=6"},"modified":"2016-09-19T23:16:17","modified_gmt":"2016-09-19T21:16:17","slug":"der-verein","status":"publish","type":"page","link":"https:\/\/neuhomeasv.asv-steyr.at\/?page_id=11","title":{"rendered":"Der Verein"},"content":{"rendered":"<h2><strong><span class=\"itemHead\">Die Vereinsgeschichte des\u00a0ASV-Steyr 1923<\/span><\/strong><\/h2>\n<p>Details wie Vereinsanschrift, Vorstand usw. finden Sie im <a title=\"IMPRESSUM\" href=\"http:\/\/neuhomeasv.asv-steyr.at\/?page_id=322\">Impressum<\/a><\/p>\n<p><img loading=\"lazy\" decoding=\"async\" class=\"alignleft\" src=\"http:\/\/www.asv-steyr.at\/uploads\/img41efab41956d8.jpg\" alt=\"\" width=\"200\" height=\"150\" \/>Aus den nur noch sp\u00e4rlich vor\u00adhandenen Schriftst\u00fccken aus dem Gr\u00fcndungsjahr 1923 k\u00f6nnen wir heute schlie\u00dfen, dass damals ein echtes Bed\u00fcrfnis nach Zusam\u00admen\u00adschluss gleichgesinnter Petrij\u00fcnger bestanden haben muss. Bei der im Fr\u00fchjahr 1923 im GH &#8220;Zum goldenen Pflug&#8221; unter dem Vorsitz des Tapezierermeisters Ludwig Kienbacher aus Steyr hatte man schon sehr pr\u00e4zise Vorstellungen \u00fcber das Aufgabengebiet des k\u00fcnftigen Vereines.<\/p>\n<p>Die vergilbten handschriftlichen Statuten 1923 umrei\u00dfen ganz klar, welche Leistungen man sich von einer neuen Kultur- und Freizeit\u00adorganisation erwarten m\u00fcsse: Ausbau und Pflege des Angelsports einerseits und Einflussnahme bei der Schaffung von Fischer\u00adei\u00adschutz-Gesetzen andererseits.<\/p>\n<p><img loading=\"lazy\" decoding=\"async\" class=\"alignleft\" src=\"http:\/\/www.asv-steyr.at\/uploads\/img41efab6e84749.jpg\" alt=\"\" width=\"200\" height=\"150\" \/>Die Gr\u00fcndungsversammlung fand im September 1923 im GH P\u00f6schinger in der Haratz\u00adm\u00fcller\u00adstra\u00dfe statt. Wir wissen heute nur, dass an die 10 Sportfischer sich zur ersten Zusammenkunft eingefun\u00adden haben. Es wurden \u00fcber ein\u00adstim\u00admigen Beschluss die vom Schriftf\u00fchrer Wilhelm Tumbach (Magist\u00adrats\u00ad\u00adbeamter) ausgearbeiteten Statuten best\u00e4tigt, der Verein auf den Namen &#8220;unpolitischer Angler-Sportverein&#8221; getauft und schlie\u00dflich Ludwig Kienbacher als erster Vereinsobmann nominiert.<\/p>\n<p><img loading=\"lazy\" decoding=\"async\" class=\"alignleft\" src=\"http:\/\/www.asv-steyr.at\/uploads\/img41efae37dab87.jpg\" alt=\"\" width=\"200\" height=\"204\" \/>Ein interessantes Dokument aus dem Jahre 1923 best\u00e4tigt offiziell die Existenz des Vereines: so hat damals das Amt der o\u00f6. Landes\u00adregierung mit Erlass v. 12.4.1923, Zl. A \u2013 2792\/1\/11 dem Propo\u00adnenten des in Gr\u00fcndung befind\u00adlichen Vereines er\u00f6ffnet, dass die T\u00e4tigkeit des Vereines unter Be\u00adruf\u00adung auf die Bestimmungen des Ver\u00adeins\u00adgesetztes nicht untersagt wird. Mit dieser Anerkennung seitens der Vereinsbeh\u00f6rde war der Startschuss zur Konstituierung und einer den Statuten entsprechenden Vereinst\u00e4tigkeit gegeben.<\/p>\n<p>Leider fehlen uns \u00fcber die folgenden Jahre bis 1927 selbst die ge\u00adringsten Anhaltspunkte \u00fcber ein Ver\u00adeins\u00adleben. Aber auch zu Beginn des Jahres 1927 d\u00fcrfte bei den Verantwortlichen die Erkenntnis gereift sein, dass zu einem ersprie\u00dflichen Vereinsleben nicht nur guter Wille und Idealismus sondern auch materielle Grundlagen, n\u00e4mlich eigene Fischw\u00e4sser, geh\u00f6ren.<\/p>\n<p><img loading=\"lazy\" decoding=\"async\" class=\"alignleft\" src=\"http:\/\/www.asv-steyr.at\/uploads\/img41efae4ddb6d0.jpg\" alt=\"\" width=\"200\" height=\"150\" \/>Ein am 11.4.1927 zwischen den Ehegatten Kroissmayr, Ernsthofen 77, und dem ANGELSPORTVEREIN STEYR , vertreten durch den da\u00admaligen Ver\u00adeins\u00adobmann Rudolf Kratochwill, Buchh\u00e4ndler in Steyr, abgeschlossene Kaufvertrag \u00fcber eine Fischweide im Bereich der Loderleite kommt insoferne eine ganz besondere Bedeutung zu, als mit diesem Kauf die Grundlage f\u00fcr die anschlie\u00dfende Entwicklung im Raume Staning\/Kronstorf geschaffen wurde.<\/p>\n<p>Interessant ist in diesem Zusammenhang auch die Tatsache, dass in den\u00a0Vereinsstatuten aus dem Jahre 1923 bereits der Begriff Ver\u00adeins\u00adwasser aufscheint. So lesen wir u.a. &#8220;\u00fcber die Rechte der Mit\u00adglieder im Vereinswasser. Die Vereinsleitung hatte sich demnach bereits bei der Gr\u00fcndung selbst indirekt die Auflage erteilt, Fisch\u00aderei\u00adrechte zu erwerben, um sich f\u00fcr alle Zukunft seine Ei\u00adgen\u00adst\u00e4ndig\u00adkeit zu sichern.<\/p>\n<p>&nbsp;<\/p>\n","protected":false},"excerpt":{"rendered":"<p>Die Vereinsgeschichte des\u00a0ASV-Steyr 1923 Details wie Vereinsanschrift, Vorstand usw. finden Sie im Impressum Aus den nur noch sp\u00e4rlich vor\u00adhandenen Schriftst\u00fccken aus dem Gr\u00fcndungsjahr 1923 k\u00f6nnen wir heute schlie\u00dfen, dass damals &hellip; <a href=\"https:\/\/neuhomeasv.asv-steyr.at\/?page_id=11\" class=\"more-link\"><span class=\"screen-reader-text\">Der Verein<\/span> weiterlesen <span class=\"meta-nav\">&rarr;<\/span><\/a><\/p>\n","protected":false},"author":1,"featured_media":0,"parent":0,"menu_order":0,"comment_status":"closed","ping_status":"closed","template":"","meta":{"footnotes":""},"class_list":["post-11","page","type-page","status-publish","hentry"],"_links":{"self":[{"href":"https:\/\/neuhomeasv.asv-steyr.at\/index.php?rest_route=\/wp\/v2\/pages\/11","targetHints":{"allow":["GET"]}}],"collection":[{"href":"https:\/\/neuhomeasv.asv-steyr.at\/index.php?rest_route=\/wp\/v2\/pages"}],"about":[{"href":"https:\/\/neuhomeasv.asv-steyr.at\/index.php?rest_route=\/wp\/v2\/types\/page"}],"author":[{"embeddable":true,"href":"https:\/\/neuhomeasv.asv-steyr.at\/index.php?rest_route=\/wp\/v2\/users\/1"}],"replies":[{"embeddable":true,"href":"https:\/\/neuhomeasv.asv-steyr.at\/index.php?rest_route=%2Fwp%2Fv2%2Fcomments&post=11"}],"version-history":[{"count":22,"href":"https:\/\/neuhomeasv.asv-steyr.at\/index.php?rest_route=\/wp\/v2\/pages\/11\/revisions"}],"predecessor-version":[{"id":4975,"href":"https:\/\/neuhomeasv.asv-steyr.at\/index.php?rest_route=\/wp\/v2\/pages\/11\/revisions\/4975"}],"wp:attachment":[{"href":"https:\/\/neuhomeasv.asv-steyr.at\/index.php?rest_route=%2Fwp%2Fv2%2Fmedia&parent=11"}],"curies":[{"name":"wp","href":"https:\/\/api.w.org\/{rel}","templated":true}]}}